{"id":10,"date":"2019-08-01T14:28:02","date_gmt":"2019-08-01T12:28:02","guid":{"rendered":"http:\/\/dreamcatcherfrance.com\/?page_id=10"},"modified":"2025-11-18T10:19:47","modified_gmt":"2025-11-18T09:19:47","slug":"10-2","status":"publish","type":"page","link":"http:\/\/dreamcatcherfrance.com\/index.php\/10-2\/","title":{"rendered":"Bio"},"content":{"rendered":"\n<p class=\"has-text-color\" style=\"color:#ffffff\"><em>(english below)<\/em><\/p>\n\n\n\n<p class=\"has-text-color has-normal-font-size\" style=\"color:#ffffff\"><strong>L\u2019histoire de Dreamcatcher<\/strong><\/p>\n\n\n\n<p class=\"has-text-color has-normal-font-size\" style=\"color:#ffffff\"><br><strong>Les d\u00e9buts (2001-2006)<\/strong><\/p>\n\n\n<div class=\"wp-block-image\">\n<figure class=\"alignright is-resized\"><img loading=\"lazy\" decoding=\"async\" width=\"1024\" height=\"1024\" src=\"http:\/\/dreamcatcherfrance.com\/wp-content\/uploads\/2019\/10\/Pchette-EP-reconstituee-apr-Chloe-2-1024x1024.jpg\" alt=\"\" class=\"wp-image-178\" style=\"width:198px;height:auto\" srcset=\"http:\/\/dreamcatcherfrance.com\/wp-content\/uploads\/2019\/10\/Pchette-EP-reconstituee-apr-Chloe-2-1024x1024.jpg 1024w, http:\/\/dreamcatcherfrance.com\/wp-content\/uploads\/2019\/10\/Pchette-EP-reconstituee-apr-Chloe-2-150x150.jpg 150w, http:\/\/dreamcatcherfrance.com\/wp-content\/uploads\/2019\/10\/Pchette-EP-reconstituee-apr-Chloe-2-300x300.jpg 300w, http:\/\/dreamcatcherfrance.com\/wp-content\/uploads\/2019\/10\/Pchette-EP-reconstituee-apr-Chloe-2-768x768.jpg 768w, http:\/\/dreamcatcherfrance.com\/wp-content\/uploads\/2019\/10\/Pchette-EP-reconstituee-apr-Chloe-2-210x210.jpg 210w, http:\/\/dreamcatcherfrance.com\/wp-content\/uploads\/2019\/10\/Pchette-EP-reconstituee-apr-Chloe-2-1536x1536.jpg 1536w, http:\/\/dreamcatcherfrance.com\/wp-content\/uploads\/2019\/10\/Pchette-EP-reconstituee-apr-Chloe-2-1960x1960.jpg 1960w\" sizes=\"auto, (max-width: 980px) 100vw, 980px\" \/><\/figure><\/div>\n\n\n<p class=\"has-text-color has-normal-font-size\" style=\"color:#ffffff\">Dreamcatcher se forme en 2001 et s&#8217;impose rapidement sur la sc\u00e8ne metal fran\u00e7aise gr\u00e2ce \u00e0 un m\u00e9lange distinctif de heavy et thrash, inspir\u00e9 par des groupes embl\u00e9matiques tels qu&#8217;Iron Maiden et Megadeth. En 2006, le groupe sort son premier EP 4 titres, marquant ainsi le d\u00e9but de son parcours musical.<\/p>\n\n\n\n<p class=\"has-very-light-gray-color has-text-color has-normal-font-size\"><strong>Albums et reconnaissance (2012-2021)<\/strong><\/p>\n\n\n\n<p class=\"has-very-light-gray-color has-text-color has-normal-font-size\">Apr\u00e8s plusieurs ann\u00e9es de concerts et de d\u00e9veloppement de son identit\u00e9 sonore, Dreamcatcher d\u00e9voile son premier album,&nbsp;<em>Emerging From The Shadows<\/em>, en 2012.<\/p>\n\n\n\n<p class=\"has-very-light-gray-color has-text-color has-normal-font-size\">La reconnaissance du public et de la critique ne se fait pas attendre, et en 2017, le groupe sort son deuxi\u00e8me album,&nbsp;<em>Blood On The Snow<\/em>.<\/p>\n\n\n\n<p class=\"has-very-light-gray-color has-text-color has-normal-font-size\">En 2021, \u00e0 l&#8217;occasion de son 20e anniversaire, il lance&nbsp;<em>The Road So Far<\/em>, qui remporte le France Metal Awards, se classant premier dans la cat\u00e9gorie Metal.<\/p>\n\n\n\n<div class=\"wp-block-columns is-layout-flex wp-container-core-columns-is-layout-9d6595d7 wp-block-columns-is-layout-flex\">\n<div class=\"wp-block-column is-layout-flow wp-block-column-is-layout-flow\" style=\"flex-basis:100%\">\n<div class=\"wp-block-group is-layout-grid wp-container-core-group-is-layout-9649a0d9 wp-block-group-is-layout-grid\">\n<figure class=\"wp-block-image size-large\"><img loading=\"lazy\" decoding=\"async\" width=\"1024\" height=\"1024\" src=\"http:\/\/dreamcatcherfrance.com\/wp-content\/uploads\/2019\/10\/CD-emerging-1-1024x1024.jpg\" alt=\"\" class=\"wp-image-171\" srcset=\"http:\/\/dreamcatcherfrance.com\/wp-content\/uploads\/2019\/10\/CD-emerging-1-1024x1024.jpg 1024w, http:\/\/dreamcatcherfrance.com\/wp-content\/uploads\/2019\/10\/CD-emerging-1-150x150.jpg 150w, http:\/\/dreamcatcherfrance.com\/wp-content\/uploads\/2019\/10\/CD-emerging-1-300x300.jpg 300w, http:\/\/dreamcatcherfrance.com\/wp-content\/uploads\/2019\/10\/CD-emerging-1-768x768.jpg 768w, http:\/\/dreamcatcherfrance.com\/wp-content\/uploads\/2019\/10\/CD-emerging-1-210x210.jpg 210w, http:\/\/dreamcatcherfrance.com\/wp-content\/uploads\/2019\/10\/CD-emerging-1.jpg 1200w\" sizes=\"auto, (max-width: 980px) 100vw, 980px\" \/><\/figure>\n\n\n\n<figure class=\"wp-block-image size-large\"><img loading=\"lazy\" decoding=\"async\" width=\"1024\" height=\"1020\" src=\"http:\/\/dreamcatcherfrance.com\/wp-content\/uploads\/2019\/10\/CD-blood-1024x1020.jpg\" alt=\"\" class=\"wp-image-169\" srcset=\"http:\/\/dreamcatcherfrance.com\/wp-content\/uploads\/2019\/10\/CD-blood-1024x1020.jpg 1024w, http:\/\/dreamcatcherfrance.com\/wp-content\/uploads\/2019\/10\/CD-blood-150x150.jpg 150w, http:\/\/dreamcatcherfrance.com\/wp-content\/uploads\/2019\/10\/CD-blood-300x300.jpg 300w, http:\/\/dreamcatcherfrance.com\/wp-content\/uploads\/2019\/10\/CD-blood-768x765.jpg 768w, http:\/\/dreamcatcherfrance.com\/wp-content\/uploads\/2019\/10\/CD-blood-210x210.jpg 210w, http:\/\/dreamcatcherfrance.com\/wp-content\/uploads\/2019\/10\/CD-blood.jpg 1200w\" sizes=\"auto, (max-width: 980px) 100vw, 980px\" \/><\/figure>\n\n\n\n<figure class=\"wp-block-image size-large\"><img loading=\"lazy\" decoding=\"async\" width=\"1024\" height=\"1024\" src=\"http:\/\/dreamcatcherfrance.com\/wp-content\/uploads\/2021\/10\/Dreamcatcher_TRSF-RVB-carre-1024x1024.jpg\" alt=\"\" class=\"wp-image-314\" srcset=\"http:\/\/dreamcatcherfrance.com\/wp-content\/uploads\/2021\/10\/Dreamcatcher_TRSF-RVB-carre-1024x1024.jpg 1024w, http:\/\/dreamcatcherfrance.com\/wp-content\/uploads\/2021\/10\/Dreamcatcher_TRSF-RVB-carre-300x300.jpg 300w, http:\/\/dreamcatcherfrance.com\/wp-content\/uploads\/2021\/10\/Dreamcatcher_TRSF-RVB-carre-150x150.jpg 150w, http:\/\/dreamcatcherfrance.com\/wp-content\/uploads\/2021\/10\/Dreamcatcher_TRSF-RVB-carre-768x768.jpg 768w, http:\/\/dreamcatcherfrance.com\/wp-content\/uploads\/2021\/10\/Dreamcatcher_TRSF-RVB-carre-210x210.jpg 210w, http:\/\/dreamcatcherfrance.com\/wp-content\/uploads\/2021\/10\/Dreamcatcher_TRSF-RVB-carre.jpg 1200w\" sizes=\"auto, (max-width: 980px) 100vw, 980px\" \/><\/figure>\n<\/div>\n<\/div>\n<\/div>\n\n\n\n<p class=\"has-very-light-gray-color has-text-color has-normal-font-size\"><strong>Un nouveau chapitre (2025)<\/strong><\/p>\n\n\n\n<p class=\"has-very-light-gray-color has-text-color has-normal-font-size\">En 2025, Dreamcatcher publie son quatri\u00e8me album,&nbsp;<em>Bleeding Heart<\/em>, qui regroupe tous les \u00e9l\u00e9ments caract\u00e9ristiques de son univers : culture am\u00e9rindienne, imaginaire fantastique, th\u00e9matiques \u00e9cologiques, ambiances sombres et refrains accrocheurs. Le groupe continue d\u2019\u00e9voluer tout en restant fid\u00e8le \u00e0 ses racines.<\/p>\n\n\n<div class=\"wp-block-image\">\n<figure class=\"aligncenter size-large is-resized\"><img loading=\"lazy\" decoding=\"async\" width=\"1024\" height=\"1024\" src=\"http:\/\/dreamcatcherfrance.com\/wp-content\/uploads\/2025\/11\/VINYLE-1100px-recto-1024x1024.jpg\" alt=\"\" class=\"wp-image-662\" style=\"width:278px;height:auto\" srcset=\"http:\/\/dreamcatcherfrance.com\/wp-content\/uploads\/2025\/11\/VINYLE-1100px-recto-1024x1024.jpg 1024w, http:\/\/dreamcatcherfrance.com\/wp-content\/uploads\/2025\/11\/VINYLE-1100px-recto-300x300.jpg 300w, http:\/\/dreamcatcherfrance.com\/wp-content\/uploads\/2025\/11\/VINYLE-1100px-recto-150x150.jpg 150w, http:\/\/dreamcatcherfrance.com\/wp-content\/uploads\/2025\/11\/VINYLE-1100px-recto-768x768.jpg 768w, http:\/\/dreamcatcherfrance.com\/wp-content\/uploads\/2025\/11\/VINYLE-1100px-recto-210x210.jpg 210w, http:\/\/dreamcatcherfrance.com\/wp-content\/uploads\/2025\/11\/VINYLE-1100px-recto.jpg 1100w\" sizes=\"auto, (max-width: 980px) 100vw, 980px\" \/><\/figure><\/div>\n\n\n<p><\/p>\n\n\n\n<p class=\"has-very-light-gray-color has-text-color has-normal-font-size\"><strong>Les membres du groupe<\/strong><\/p>\n\n\n\n<p class=\"has-text-align-center has-very-light-gray-color has-text-color has-normal-font-size\">Aujourd&#8217;hui, Dreamcatcher est compos\u00e9 de :<\/p>\n\n\n\n<p class=\"has-very-light-gray-color has-text-color has-normal-font-size\"><strong>Chris Garrel <\/strong>(chant) : membre fondateur et voix embl\u00e9matique du groupe.<br><strong>Herv\u00e9 Schiltz<\/strong> (guitare) : ancien membre d&#8217;Asylum Pyre. <br><strong>Sylvain Taupe <\/strong>(guitare) : \u00e9galement bassiste dans Polarys.<br><strong>Olivier Louis-Servais<\/strong> (basse) : pr\u00e9sent dans des groupes tels que Hevius et Demon Tool.<br><strong>Thierry Thuane<\/strong> (batterie) : ancien membre de Ghost Opera.<\/p>\n\n\n\n<p class=\"has-very-light-gray-color has-text-color has-normal-font-size\"><\/p>\n\n\n\n<figure class=\"wp-block-image size-large\"><img loading=\"lazy\" decoding=\"async\" width=\"1024\" height=\"700\" src=\"http:\/\/dreamcatcherfrance.com\/wp-content\/uploads\/2025\/11\/DSC9802-NB-1024x700.jpg\" alt=\"\" class=\"wp-image-663\" srcset=\"http:\/\/dreamcatcherfrance.com\/wp-content\/uploads\/2025\/11\/DSC9802-NB-1024x700.jpg 1024w, http:\/\/dreamcatcherfrance.com\/wp-content\/uploads\/2025\/11\/DSC9802-NB-300x205.jpg 300w, http:\/\/dreamcatcherfrance.com\/wp-content\/uploads\/2025\/11\/DSC9802-NB-768x525.jpg 768w, http:\/\/dreamcatcherfrance.com\/wp-content\/uploads\/2025\/11\/DSC9802-NB-1536x1050.jpg 1536w, http:\/\/dreamcatcherfrance.com\/wp-content\/uploads\/2025\/11\/DSC9802-NB-210x144.jpg 210w, http:\/\/dreamcatcherfrance.com\/wp-content\/uploads\/2025\/11\/DSC9802-NB-1960x1340.jpg 1960w\" sizes=\"auto, (max-width: 980px) 100vw, 980px\" \/><\/figure>\n\n\n\n<p class=\"has-very-light-gray-color has-text-color has-normal-font-size\"><strong>Collaborations artistiques et techniques<\/strong><\/p>\n\n\n\n<p class=\"has-white-color has-text-color has-normal-font-size\">Dreamcatcher a choisi de collaborer avec des artistes talentueux qui enrichissent son univers sonore et visuel. Chlo\u00e9 Bazaud est responsable de l&#8217;image du groupe, cr\u00e9ant des visuels captivants qui refl\u00e8tent son esth\u00e9tique et son identit\u00e9.<br><br>Pour le son, Axel Wursthorn est un partenaire cl\u00e9, ayant mix\u00e9 plusieurs albums du groupe, dont <em>Bleeding Heart<\/em>. Il sait comment doit sonner la musique de Dreamcatcher et en restituer l&#8217;\u00e9nergie live.<br><br>Le groupe a \u00e9galement eu le plaisir de collaborer avec Ombeline Duprat, la chanteuse d\u2019Asylum Pyre, et Brice Druhet, le guitariste d\u2019Orkhys, sur&nbsp;<em>Bleeding Heart<\/em>. Ces collaborations ajoutent une profondeur et une richesse \u00e0 sa musique, tout en renfor\u00e7ant les liens au sein de la sc\u00e8ne metal fran\u00e7aise.<\/p>\n\n\n\n<p class=\"has-white-color has-text-color has-normal-font-size\"><strong>Concerts et collaborations<\/strong><\/p>\n\n\n\n<p class=\"has-white-color has-text-color has-normal-font-size\">Au fil des ans, Dreamcatcher a partag\u00e9 la sc\u00e8ne avec des artistes de renomm\u00e9e internationale tels que Loudblast, Paul Di\u2019Anno, Chariot, Freedom Call, Coroner, Crisix, Blaze Bayley ou encore Napalm Death, consolidant ainsi sa r\u00e9putation en tant que force incontournable sur la sc\u00e8ne metal.<\/p>\n\n\n\n<p><\/p>\n\n\n\n<p><\/p>\n\n\n<figure class=\"wp-block-image aligncenter is-resized\"><img loading=\"lazy\" decoding=\"async\" width=\"1024\" height=\"507\" class=\"wp-image-140\" style=\"width: 95px; height: 47px;\" src=\"http:\/\/dreamcatcherfrance.com\/wp-content\/uploads\/2019\/10\/union-kack-1024x507.jpg\" alt=\"\" srcset=\"http:\/\/dreamcatcherfrance.com\/wp-content\/uploads\/2019\/10\/union-kack-1024x507.jpg 1024w, http:\/\/dreamcatcherfrance.com\/wp-content\/uploads\/2019\/10\/union-kack-300x149.jpg 300w, http:\/\/dreamcatcherfrance.com\/wp-content\/uploads\/2019\/10\/union-kack-768x380.jpg 768w, http:\/\/dreamcatcherfrance.com\/wp-content\/uploads\/2019\/10\/union-kack-210x104.jpg 210w, http:\/\/dreamcatcherfrance.com\/wp-content\/uploads\/2019\/10\/union-kack.jpg 1200w\" sizes=\"auto, (max-width: 980px) 100vw, 980px\" \/><\/figure>\n\n\n<p class=\"has-text-color has-normal-font-size\" style=\"color:#ffffff\"><br><strong>Dreamcatcher &#8211; Band History<\/strong><\/p>\n\n\n\n<p class=\"has-text-color has-normal-font-size\" style=\"color:#ffffff\"><strong><strong>The Early Years (2001-2006)<\/strong><\/strong><\/p>\n\n\n<div class=\"wp-block-image\">\n<figure class=\"alignright is-resized\"><img loading=\"lazy\" decoding=\"async\" width=\"1024\" height=\"1024\" src=\"http:\/\/dreamcatcherfrance.com\/wp-content\/uploads\/2019\/10\/Pchette-EP-reconstituee-apr-Chloe-2-1024x1024.jpg\" alt=\"\" class=\"wp-image-178\" style=\"width:198px;height:auto\" srcset=\"http:\/\/dreamcatcherfrance.com\/wp-content\/uploads\/2019\/10\/Pchette-EP-reconstituee-apr-Chloe-2-1024x1024.jpg 1024w, http:\/\/dreamcatcherfrance.com\/wp-content\/uploads\/2019\/10\/Pchette-EP-reconstituee-apr-Chloe-2-150x150.jpg 150w, http:\/\/dreamcatcherfrance.com\/wp-content\/uploads\/2019\/10\/Pchette-EP-reconstituee-apr-Chloe-2-300x300.jpg 300w, http:\/\/dreamcatcherfrance.com\/wp-content\/uploads\/2019\/10\/Pchette-EP-reconstituee-apr-Chloe-2-768x768.jpg 768w, http:\/\/dreamcatcherfrance.com\/wp-content\/uploads\/2019\/10\/Pchette-EP-reconstituee-apr-Chloe-2-210x210.jpg 210w, http:\/\/dreamcatcherfrance.com\/wp-content\/uploads\/2019\/10\/Pchette-EP-reconstituee-apr-Chloe-2-1536x1536.jpg 1536w, http:\/\/dreamcatcherfrance.com\/wp-content\/uploads\/2019\/10\/Pchette-EP-reconstituee-apr-Chloe-2-1960x1960.jpg 1960w\" sizes=\"auto, (max-width: 980px) 100vw, 980px\" \/><\/figure><\/div>\n\n\n<p class=\"has-text-color has-normal-font-size\" style=\"color:#ffffff\">Dreamcatcher was formed in 2001 and quickly gained recognition on the French metal scene thanks to its distinctive blend of heavy and thrash, inspired by iconic bands such as Iron Maiden and Megadeth. In 2006, the band released its first 4-track EP, marking the beginning of its musical journey.<\/p>\n\n\n\n<p class=\"has-very-light-gray-color has-text-color has-normal-font-size\"><strong><br><strong>Albums and Recognition (2012-2021)<\/strong><\/strong><\/p>\n\n\n\n<p class=\"has-very-light-gray-color has-text-color has-normal-font-size\">After several years of concerts and developing its sound, Dreamcatcher unveiled its first album,&nbsp;<em>Emerging From The Shadows<\/em>, in 2012.<\/p>\n\n\n\n<p class=\"has-very-light-gray-color has-text-color has-normal-font-size\">Public and critical acclaim was immediate, and in 2017, the band released its second album,&nbsp;<em>Blood On The Snow<\/em>.<\/p>\n\n\n\n<p class=\"has-very-light-gray-color has-text-color has-normal-font-size\">In 2021, on the occasion of its 20th anniversary, it launched&nbsp;<em>The Road So Far<\/em>, which won the France Metal Awards, ranking first in the Metal category.<\/p>\n\n\n\n<div class=\"wp-block-columns is-layout-flex wp-container-core-columns-is-layout-9d6595d7 wp-block-columns-is-layout-flex\">\n<div class=\"wp-block-column is-layout-flow wp-block-column-is-layout-flow\" style=\"flex-basis:33.33%\">\n<figure class=\"wp-block-image size-large\"><img loading=\"lazy\" decoding=\"async\" width=\"1024\" height=\"1024\" src=\"http:\/\/dreamcatcherfrance.com\/wp-content\/uploads\/2019\/10\/CD-emerging-1-1024x1024.jpg\" alt=\"\" class=\"wp-image-171\" srcset=\"http:\/\/dreamcatcherfrance.com\/wp-content\/uploads\/2019\/10\/CD-emerging-1-1024x1024.jpg 1024w, http:\/\/dreamcatcherfrance.com\/wp-content\/uploads\/2019\/10\/CD-emerging-1-150x150.jpg 150w, http:\/\/dreamcatcherfrance.com\/wp-content\/uploads\/2019\/10\/CD-emerging-1-300x300.jpg 300w, http:\/\/dreamcatcherfrance.com\/wp-content\/uploads\/2019\/10\/CD-emerging-1-768x768.jpg 768w, http:\/\/dreamcatcherfrance.com\/wp-content\/uploads\/2019\/10\/CD-emerging-1-210x210.jpg 210w, http:\/\/dreamcatcherfrance.com\/wp-content\/uploads\/2019\/10\/CD-emerging-1.jpg 1200w\" sizes=\"auto, (max-width: 980px) 100vw, 980px\" \/><\/figure>\n<\/div>\n\n\n\n<div class=\"wp-block-column is-layout-flow wp-block-column-is-layout-flow\" style=\"flex-basis:33.33%\">\n<figure class=\"wp-block-image size-large is-resized\"><img loading=\"lazy\" decoding=\"async\" width=\"1024\" height=\"1020\" src=\"http:\/\/dreamcatcherfrance.com\/wp-content\/uploads\/2019\/10\/CD-blood-1024x1020.jpg\" alt=\"\" class=\"wp-image-169\" style=\"width:222px;height:auto\" srcset=\"http:\/\/dreamcatcherfrance.com\/wp-content\/uploads\/2019\/10\/CD-blood-1024x1020.jpg 1024w, http:\/\/dreamcatcherfrance.com\/wp-content\/uploads\/2019\/10\/CD-blood-150x150.jpg 150w, http:\/\/dreamcatcherfrance.com\/wp-content\/uploads\/2019\/10\/CD-blood-300x300.jpg 300w, http:\/\/dreamcatcherfrance.com\/wp-content\/uploads\/2019\/10\/CD-blood-768x765.jpg 768w, http:\/\/dreamcatcherfrance.com\/wp-content\/uploads\/2019\/10\/CD-blood-210x210.jpg 210w, http:\/\/dreamcatcherfrance.com\/wp-content\/uploads\/2019\/10\/CD-blood.jpg 1200w\" sizes=\"auto, (max-width: 980px) 100vw, 980px\" \/><\/figure>\n<\/div>\n\n\n\n<div class=\"wp-block-column is-layout-flow wp-block-column-is-layout-flow\" style=\"flex-basis:33.33%\">\n<figure class=\"wp-block-image size-large is-resized\"><img loading=\"lazy\" decoding=\"async\" width=\"1024\" height=\"1024\" src=\"http:\/\/dreamcatcherfrance.com\/wp-content\/uploads\/2021\/10\/Dreamcatcher_TRSF-RVB-carre-1024x1024.jpg\" alt=\"\" class=\"wp-image-314\" style=\"width:222px;height:auto\" srcset=\"http:\/\/dreamcatcherfrance.com\/wp-content\/uploads\/2021\/10\/Dreamcatcher_TRSF-RVB-carre-1024x1024.jpg 1024w, http:\/\/dreamcatcherfrance.com\/wp-content\/uploads\/2021\/10\/Dreamcatcher_TRSF-RVB-carre-300x300.jpg 300w, http:\/\/dreamcatcherfrance.com\/wp-content\/uploads\/2021\/10\/Dreamcatcher_TRSF-RVB-carre-150x150.jpg 150w, http:\/\/dreamcatcherfrance.com\/wp-content\/uploads\/2021\/10\/Dreamcatcher_TRSF-RVB-carre-768x768.jpg 768w, http:\/\/dreamcatcherfrance.com\/wp-content\/uploads\/2021\/10\/Dreamcatcher_TRSF-RVB-carre-210x210.jpg 210w, http:\/\/dreamcatcherfrance.com\/wp-content\/uploads\/2021\/10\/Dreamcatcher_TRSF-RVB-carre.jpg 1200w\" sizes=\"auto, (max-width: 980px) 100vw, 980px\" \/><\/figure>\n<\/div>\n<\/div>\n\n\n\n<p class=\"has-very-light-gray-color has-text-color has-normal-font-size\"><strong><strong>A New Chapter (2025)<\/strong><\/strong><\/p>\n\n\n\n<p class=\"has-very-light-gray-color has-text-color has-normal-font-size\">In 2025, Dreamcatcher is releasing its fourth album,\u00a0<em>Bleeding Heart<\/em>, which brings together all the characteristic elements of its universe: <br>Native American culture, gothic horror themes, ecological concerns, haunting atmospheres, and catchy choruses. The band continues to evolve while remaining true to its roots.<\/p>\n\n\n<div class=\"wp-block-image\">\n<figure class=\"aligncenter size-large is-resized\"><img loading=\"lazy\" decoding=\"async\" width=\"1024\" height=\"1024\" src=\"http:\/\/dreamcatcherfrance.com\/wp-content\/uploads\/2025\/11\/VINYLE-1100px-recto-1024x1024.jpg\" alt=\"\" class=\"wp-image-662\" style=\"width:278px;height:auto\" srcset=\"http:\/\/dreamcatcherfrance.com\/wp-content\/uploads\/2025\/11\/VINYLE-1100px-recto-1024x1024.jpg 1024w, http:\/\/dreamcatcherfrance.com\/wp-content\/uploads\/2025\/11\/VINYLE-1100px-recto-300x300.jpg 300w, http:\/\/dreamcatcherfrance.com\/wp-content\/uploads\/2025\/11\/VINYLE-1100px-recto-150x150.jpg 150w, http:\/\/dreamcatcherfrance.com\/wp-content\/uploads\/2025\/11\/VINYLE-1100px-recto-768x768.jpg 768w, http:\/\/dreamcatcherfrance.com\/wp-content\/uploads\/2025\/11\/VINYLE-1100px-recto-210x210.jpg 210w, http:\/\/dreamcatcherfrance.com\/wp-content\/uploads\/2025\/11\/VINYLE-1100px-recto.jpg 1100w\" sizes=\"auto, (max-width: 980px) 100vw, 980px\" \/><\/figure><\/div>\n\n\n<p class=\"has-very-light-gray-color has-text-color has-normal-font-size\"><strong><br><strong>Band Members<\/strong><\/strong><\/p>\n\n\n\n<p class=\"has-text-align-center has-very-light-gray-color has-text-color has-normal-font-size\"><br>Today, Dreamcatcher consists of:<\/p>\n\n\n\n<p class=\"has-very-light-gray-color has-text-color has-normal-font-size\"><strong>Chris Garrel <\/strong>(vocals): founding member and the band&#8217;s iconic voice.<br><strong>Herv\u00e9 Schiltz<\/strong> (guitar): former member of Asylum Pyre.<br><strong>Sylvain Taupe <\/strong>(guitar): also a bassist in Polarys.<br><strong>Olivier Louis-Servais<\/strong> (bass): present in bands such as Hevius and Demon Tool.<br><strong>Thierry Thuane<\/strong> (drums): former member of Ghost Opera.<\/p>\n\n\n\n<p class=\"has-very-light-gray-color has-text-color has-normal-font-size\"><\/p>\n\n\n\n<figure class=\"wp-block-image size-large\"><img loading=\"lazy\" decoding=\"async\" width=\"1024\" height=\"700\" src=\"http:\/\/dreamcatcherfrance.com\/wp-content\/uploads\/2025\/11\/DSC9802-NB-1024x700.jpg\" alt=\"\" class=\"wp-image-663\" srcset=\"http:\/\/dreamcatcherfrance.com\/wp-content\/uploads\/2025\/11\/DSC9802-NB-1024x700.jpg 1024w, http:\/\/dreamcatcherfrance.com\/wp-content\/uploads\/2025\/11\/DSC9802-NB-300x205.jpg 300w, http:\/\/dreamcatcherfrance.com\/wp-content\/uploads\/2025\/11\/DSC9802-NB-768x525.jpg 768w, http:\/\/dreamcatcherfrance.com\/wp-content\/uploads\/2025\/11\/DSC9802-NB-1536x1050.jpg 1536w, http:\/\/dreamcatcherfrance.com\/wp-content\/uploads\/2025\/11\/DSC9802-NB-210x144.jpg 210w, http:\/\/dreamcatcherfrance.com\/wp-content\/uploads\/2025\/11\/DSC9802-NB-1960x1340.jpg 1960w\" sizes=\"auto, (max-width: 980px) 100vw, 980px\" \/><\/figure>\n\n\n\n<p class=\"has-very-light-gray-color has-text-color has-normal-font-size\"><strong><br><strong>Artistic and Technical Collaborations<\/strong><\/strong><\/p>\n\n\n\n<p class=\"has-very-light-gray-color has-text-color has-normal-font-size\">Dreamcatcher has established collaborations with talented artists who enrich its sound and visual universe. Chlo\u00e9 Bazaud is responsible for the band&#8217;s image, creating captivating visuals that reflect its aesthetics and identity. For the sound, Axel Wursthorn is a key partner, having mixed several albums of the band, including <em>Bleeding Heart<\/em>. He knows how Dreamcatcher&#8217;s music should sound and how to capture its live energy.&#8221;<br><br>The band has also had the pleasure of collaborating with Ombeline Duprat, the singer of Asylum Pyre, and Brice Druhet, the guitarist of Orkhys, on&nbsp;<em>Bleeding Heart<\/em>. These collaborations add depth and richness to its music, while strengthening ties within the French metal scene.<\/p>\n\n\n\n<p class=\"has-white-color has-text-color has-normal-font-size\"><strong><br><strong>Concerts and Collaborations<\/strong><\/strong><\/p>\n\n\n\n<p class=\"has-white-color has-text-color has-normal-font-size\">Over the years, Dreamcatcher has shared the stage with internationally renowned artists such as Loudblast, Paul Di\u2019Anno, Chariot, Freedom Call, Coroner, Crisix, Blaze Bayley, and Napalm Death, thus consolidating its reputation as an essential force on the metal scene.<\/p>\n","protected":false},"excerpt":{"rendered":"<p>(english below) L\u2019histoire de Dreamcatcher Les d\u00e9buts (2001-2006) Dreamcatcher se forme en 2001 et s&#8217;impose rapidement sur la sc\u00e8ne metal fran\u00e7aise gr\u00e2ce \u00e0 un m\u00e9lange distinctif de heavy et thrash, inspir\u00e9 par des groupes embl\u00e9matiques tels qu&#8217;Iron Maiden et Megadeth. En 2006, le groupe sort son premier EP 4 titres, marquant ainsi le d\u00e9but de [&hellip;]<\/p>\n","protected":false},"author":1,"featured_media":0,"parent":0,"menu_order":0,"comment_status":"closed","ping_status":"closed","template":"","meta":{"ngg_post_thumbnail":0,"footnotes":""},"class_list":["post-10","page","type-page","status-publish","hentry"],"_links":{"self":[{"href":"http:\/\/dreamcatcherfrance.com\/index.php\/wp-json\/wp\/v2\/pages\/10","targetHints":{"allow":["GET"]}}],"collection":[{"href":"http:\/\/dreamcatcherfrance.com\/index.php\/wp-json\/wp\/v2\/pages"}],"about":[{"href":"http:\/\/dreamcatcherfrance.com\/index.php\/wp-json\/wp\/v2\/types\/page"}],"author":[{"embeddable":true,"href":"http:\/\/dreamcatcherfrance.com\/index.php\/wp-json\/wp\/v2\/users\/1"}],"replies":[{"embeddable":true,"href":"http:\/\/dreamcatcherfrance.com\/index.php\/wp-json\/wp\/v2\/comments?post=10"}],"version-history":[{"count":37,"href":"http:\/\/dreamcatcherfrance.com\/index.php\/wp-json\/wp\/v2\/pages\/10\/revisions"}],"predecessor-version":[{"id":670,"href":"http:\/\/dreamcatcherfrance.com\/index.php\/wp-json\/wp\/v2\/pages\/10\/revisions\/670"}],"wp:attachment":[{"href":"http:\/\/dreamcatcherfrance.com\/index.php\/wp-json\/wp\/v2\/media?parent=10"}],"curies":[{"name":"wp","href":"https:\/\/api.w.org\/{rel}","templated":true}]}}